{"id":7,"date":"2010-11-24T12:09:17","date_gmt":"2010-11-24T12:09:17","guid":{"rendered":"http:\/\/versioncue.local:8888\/halkbanan\/?page_id=2"},"modified":"2023-04-20T12:01:59","modified_gmt":"2023-04-20T10:01:59","slug":"hem","status":"publish","type":"page","link":"https:\/\/nyrgj.beeweb-green.io\/","title":{"rendered":"Hem"},"content":{"rendered":"<ul class=\"topservices\">\n<li>\n<h2><a href=\"bil\">Riskutbildning bil<\/a><\/h2>\n<p><a href=\"bil\"><img decoding=\"async\" loading=\"lazy\" class=\"alignleft size-full wp-image-91\" title=\"riskutbildning_bil\" src=\"https:\/\/nyrgj.beeweb-green.io\/wp-content\/uploads\/2010\/11\/riskutbildning_bil1.jpg\" alt=\"\" width=\"248\" height=\"98\" \/><\/a><\/p>\n<p><a href=\"bil\">Mer om halkk\u00f6rning och riskutbildning f\u00f6r bilf\u00f6rare.<\/a><\/li>\n<li>\n<h2><a href=\"mc\">Riskutbildning MC<\/a><\/h2>\n<p><a href=\"mc\"><img decoding=\"async\" loading=\"lazy\" class=\"alignleft size-full wp-image-94\" title=\"riskutbildning_mc\" src=\"https:\/\/nyrgj.beeweb-green.io\/wp-content\/uploads\/2010\/11\/riskutbildning_mc1.jpg\" alt=\"\" width=\"248\" height=\"98\" \/><\/a><\/p>\n<p><a href=\"mc\">Mer om riskutbildning f\u00f6r MC-f\u00f6rare.<\/a><\/li>\n<li class=\"last\">\n<h2><a href=\"fortbildning\">Fortbildning<\/a><\/h2>\n<p><a href=\"fortbildning\"><img decoding=\"async\" loading=\"lazy\" class=\"alignleft size-full wp-image-113\" title=\"fortbildning\" src=\"https:\/\/nyrgj.beeweb-green.io\/wp-content\/uploads\/2010\/12\/lastbil.jpg\" alt=\"\" width=\"248\" height=\"98\" \/><\/a><\/p>\n<p><a href=\"fortbildning\">Utbildning av f\u00f6rare av personbil, buss eller lastbil p\u00e5 halt v\u00e4glag.<\/a><\/li>\n<\/ul>\n","protected":false},"excerpt":{"rendered":"<p>Riskutbildning bil Mer om halkk\u00f6rning och riskutbildning f\u00f6r bilf\u00f6rare. Riskutbildning MC Mer om riskutbildning f\u00f6r MC-f\u00f6rare. Fortbildning Utbildning av f\u00f6rare av personbil, buss eller lastbil p\u00e5 halt v\u00e4glag.<\/p>\n","protected":false},"author":1,"featured_media":0,"parent":0,"menu_order":0,"comment_status":"closed","ping_status":"open","template":"homepage.php","meta":[],"_links":{"self":[{"href":"https:\/\/nyrgj.beeweb-green.io\/index.php?rest_route=\/wp\/v2\/pages\/7"}],"collection":[{"href":"https:\/\/nyrgj.beeweb-green.io\/index.php?rest_route=\/wp\/v2\/pages"}],"about":[{"href":"https:\/\/nyrgj.beeweb-green.io\/index.php?rest_route=\/wp\/v2\/types\/page"}],"author":[{"embeddable":true,"href":"https:\/\/nyrgj.beeweb-green.io\/index.php?rest_route=\/wp\/v2\/users\/1"}],"replies":[{"embeddable":true,"href":"https:\/\/nyrgj.beeweb-green.io\/index.php?rest_route=%2Fwp%2Fv2%2Fcomments&post=7"}],"version-history":[{"count":3,"href":"https:\/\/nyrgj.beeweb-green.io\/index.php?rest_route=\/wp\/v2\/pages\/7\/revisions"}],"predecessor-version":[{"id":232,"href":"https:\/\/nyrgj.beeweb-green.io\/index.php?rest_route=\/wp\/v2\/pages\/7\/revisions\/232"}],"wp:attachment":[{"href":"https:\/\/nyrgj.beeweb-green.io\/index.php?rest_route=%2Fwp%2Fv2%2Fmedia&parent=7"}],"curies":[{"name":"wp","href":"https:\/\/api.w.org\/{rel}","templated":true}]}}